{"id":267,"date":"2024-06-14T16:54:49","date_gmt":"2024-06-14T14:54:49","guid":{"rendered":"https:\/\/lucienaturopathie.fr\/?page_id=267"},"modified":"2024-06-14T16:54:50","modified_gmt":"2024-06-14T14:54:50","slug":"mentions-legales","status":"publish","type":"page","link":"https:\/\/lucienaturopathie.fr\/?page_id=267","title":{"rendered":"Mentions l\u00e9gales"},"content":{"rendered":"\n<p>En vertu de l\u2019article 6 de la loi n\u00b02004-575 du 21 juin 2004 pour la confiance dans l\u2019\u00e9conomie num\u00e9rique, il est pr\u00e9cis\u00e9 aux utilisateurs du site Internet\u00a0<a href=\"https:\/\/oldbforbiz.bforbiz-wp.com\/\">www.lucienaturopathie.fr <\/a>l\u2019identit\u00e9 des diff\u00e9rents intervenants dans le cadre de sa r\u00e9alisation et de son suivi :<\/p>\n\n\n\n<p>\u00c9diteur :<strong>\u00a0Lucie Naturopathie<\/strong><\/p>\n\n\n\n<p>Capital social :\u00a0<strong>0 \u20ac<\/strong><\/p>\n\n\n\n<p>Adresse postale :\u00a0<strong>1 TER RUE DU MOULIN VIARD 27920 SAINT PIERRE DE BAILLEUL<\/strong><\/p>\n\n\n\n<p>TVA Intracommunautaire :\u00a0<strong>FR52923532519<\/strong><\/p>\n\n\n\n<p>SIREN :\u00a0<strong>923532519<\/strong><\/p>\n\n\n\n<p>Responsable de publication :\u00a0<strong>LUCIE TROGNON \u2013 Email :\u00a0naturopathielucie@gmail.com<\/strong><\/p>\n\n\n\n<p>D\u00e9l\u00e9gu\u00e9 \u00e0 la protection des donn\u00e9es : Lucie TROGNON\u2013 Email :\u00a0<strong>naturopathielucie@gmail.com<\/strong>\u00a0\u2013 T\u00e9l\u00e9phone :\u00a0<strong>+33 (0)6 34 41 20 14<\/strong><\/p>\n\n\n\n<p>Webmaster : Lucie TROGNON<\/p>\n\n\n\n<p>H\u00e9bergeur : HOSTINGER \u2013 UAB Jonavos g. 60C, 44192<\/p>\n","protected":false},"excerpt":{"rendered":"<p>En vertu de l\u2019article 6 de la loi n\u00b02004-575 du 21 juin 2004 pour la confiance dans l\u2019\u00e9conomie num\u00e9rique, il est pr\u00e9cis\u00e9 aux utilisateurs du site Internet\u00a0www.lucienaturopathie.fr l\u2019identit\u00e9 des diff\u00e9rents intervenants dans le cadre de sa r\u00e9alisation et de son suivi : \u00c9diteur :\u00a0Lucie Naturopathie Capital social :\u00a00 \u20ac Adresse postale :\u00a01 TER RUE DU [&hellip;]<\/p>\n","protected":false},"author":1,"featured_media":0,"parent":0,"menu_order":0,"comment_status":"closed","ping_status":"closed","template":"","meta":{"om_disable_all_campaigns":false,"_uf_show_specific_survey":0,"_uf_disable_surveys":false,"footnotes":""},"aioseo_notices":[],"_links":{"self":[{"href":"https:\/\/lucienaturopathie.fr\/index.php?rest_route=\/wp\/v2\/pages\/267"}],"collection":[{"href":"https:\/\/lucienaturopathie.fr\/index.php?rest_route=\/wp\/v2\/pages"}],"about":[{"href":"https:\/\/lucienaturopathie.fr\/index.php?rest_route=\/wp\/v2\/types\/page"}],"author":[{"embeddable":true,"href":"https:\/\/lucienaturopathie.fr\/index.php?rest_route=\/wp\/v2\/users\/1"}],"replies":[{"embeddable":true,"href":"https:\/\/lucienaturopathie.fr\/index.php?rest_route=%2Fwp%2Fv2%2Fcomments&post=267"}],"version-history":[{"count":1,"href":"https:\/\/lucienaturopathie.fr\/index.php?rest_route=\/wp\/v2\/pages\/267\/revisions"}],"predecessor-version":[{"id":269,"href":"https:\/\/lucienaturopathie.fr\/index.php?rest_route=\/wp\/v2\/pages\/267\/revisions\/269"}],"wp:attachment":[{"href":"https:\/\/lucienaturopathie.fr\/index.php?rest_route=%2Fwp%2Fv2%2Fmedia&parent=267"}],"curies":[{"name":"wp","href":"https:\/\/api.w.org\/{rel}","templated":true}]}}