{"id":20,"date":"2024-01-29T05:20:27","date_gmt":"2024-01-29T04:20:27","guid":{"rendered":"https:\/\/lucienaturopathie.fr\/?page_id=20"},"modified":"2026-01-27T16:56:05","modified_gmt":"2026-01-27T15:56:05","slug":"__trashed-3","status":"publish","type":"page","link":"https:\/\/lucienaturopathie.fr\/?page_id=20","title":{"rendered":"Contact"},"content":{"rendered":"\n<div class=\"wp-block-columns alignwide is-layout-flex wp-container-core-columns-is-layout-1 wp-block-columns-is-layout-flex\">\n<div class=\"wp-block-column is-layout-flow wp-block-column-is-layout-flow\" style=\"flex-basis:100%\">\n<p class=\"has-text-align-center\">Si vous souhaitez \u00e9changer sur votre situation, poser vos questions ou d\u00e9couvrir comment je peux vous accompagner, je vous invite \u00e0 remplir ce formulaire pour r\u00e9server un appel de d\u00e9couverte gratuit. Ce moment est enti\u00e8rement d\u00e9di\u00e9 \u00e0 vous \u00e9couter et comprendre vos besoins, afin de d\u00e9terminer ensemble la meilleure fa\u00e7on de vous soutenir dans votre fertilit\u00e9, votre \u00e9quilibre hormonal ou votre bien-\u00eatre global.<\/p>\n<\/div>\n<\/div>\n\n\n<div class=\"wpforms-container wpforms-container-full wpforms-block wpforms-block-2cc6dcf5-14af-4748-8fcf-9eee5a987780 wpforms-render-modern\" id=\"wpforms-46\"><form id=\"wpforms-form-46\" class=\"wpforms-validate wpforms-form wpforms-ajax-form\" data-formid=\"46\" method=\"post\" enctype=\"multipart\/form-data\" action=\"\/index.php?rest_route=%2Fwp%2Fv2%2Fpages%2F20\" data-token=\"f15c6359fb40660b6700b53c3bfa226b\" data-token-time=\"1778690956\"><noscript class=\"wpforms-error-noscript\">Veuillez activer JavaScript dans votre navigateur pour remplir ce formulaire.<\/noscript><div id=\"wpforms-error-noscript\" style=\"display: none;\">Veuillez activer JavaScript dans votre navigateur pour remplir ce formulaire.<\/div><div class=\"wpforms-field-container\"><div id=\"wpforms-46-field_0-container\" class=\"wpforms-field wpforms-field-name\" data-field-id=\"0\"><fieldset><legend class=\"wpforms-field-label\">Identit\u00e9 <span class=\"wpforms-required-label\" aria-hidden=\"true\">*<\/span><\/legend><div class=\"wpforms-field-row wpforms-field-medium\"><div class=\"wpforms-field-row-block wpforms-first wpforms-one-half\"><input type=\"text\" id=\"wpforms-46-field_0\" class=\"wpforms-field-name-first wpforms-field-required\" name=\"wpforms[fields][0][first]\" aria-errormessage=\"wpforms-46-field_0-error\" required><label for=\"wpforms-46-field_0\" class=\"wpforms-field-sublabel after\">Pr\u00e9nom<\/label><\/div><div class=\"wpforms-field-row-block wpforms-one-half\"><input type=\"text\" id=\"wpforms-46-field_0-last\" class=\"wpforms-field-name-last wpforms-field-required\" name=\"wpforms[fields][0][last]\" aria-errormessage=\"wpforms-46-field_0-last-error\" required><label for=\"wpforms-46-field_0-last\" class=\"wpforms-field-sublabel after\">Nom<\/label><\/div><\/div><\/fieldset><\/div><div id=\"wpforms-46-field_1-container\" class=\"wpforms-field wpforms-field-email\" data-field-id=\"1\"><label class=\"wpforms-field-label\" for=\"wpforms-46-field_1\">E-mail <span class=\"wpforms-required-label\" aria-hidden=\"true\">*<\/span><\/label><input type=\"email\" id=\"wpforms-46-field_1\" class=\"wpforms-field-medium wpforms-field-required\" name=\"wpforms[fields][1]\" spellcheck=\"false\" aria-errormessage=\"wpforms-46-field_1-error\" required><\/div><div id=\"wpforms-46-field_6-container\" class=\"wpforms-field wpforms-field-select wpforms-field-select-style-classic\" data-field-id=\"6\"><label class=\"wpforms-field-label\" for=\"wpforms-46-field_6\">Comment m&#039;avez vous connu ?<\/label><select id=\"wpforms-46-field_6\" class=\"wpforms-field-medium\" name=\"wpforms[fields][6]\"><option value=\"S\u00e9lectionnez une option\"  class=\"choice-8 depth-1\"  >S\u00e9lectionnez une option<\/option><option value=\"Instagram\"  class=\"choice-1 depth-1\"  >Instagram<\/option><option value=\"Tiktok\"  class=\"choice-2 depth-1\"  >Tiktok<\/option><option value=\"Facebook\"  class=\"choice-3 depth-1\"  >Facebook<\/option><option value=\"Google\"  class=\"choice-6 depth-1\"  >Google<\/option><option value=\"Un amis\"  class=\"choice-4 depth-1\"  >Un amis<\/option><option value=\"Un flyer\"  class=\"choice-5 depth-1\"  >Un flyer<\/option><option value=\"Autres\"  class=\"choice-7 depth-1\"  >Autres<\/option><\/select><\/div><div id=\"wpforms-46-field_9-container\" class=\"wpforms-field wpforms-field-text\" data-field-id=\"9\"><label class=\"wpforms-field-label\" for=\"wpforms-46-field_9\">Pourquoi souhaitez vous me consulter ?  <span class=\"wpforms-required-label\" aria-hidden=\"true\">*<\/span><\/label><input type=\"text\" id=\"wpforms-46-field_9\" class=\"wpforms-field-medium wpforms-field-required\" name=\"wpforms[fields][9]\" aria-errormessage=\"wpforms-46-field_9-error\" required><\/div><div id=\"wpforms-46-field_8-container\" class=\"wpforms-field wpforms-field-text\" data-field-id=\"8\"><label class=\"wpforms-field-label\" for=\"wpforms-46-field_8\">Quelles sont vos disponibilit\u00e9s ?  <span class=\"wpforms-required-label\" aria-hidden=\"true\">*<\/span><\/label><input type=\"text\" id=\"wpforms-46-field_8\" class=\"wpforms-field-medium wpforms-field-required\" name=\"wpforms[fields][8]\" aria-errormessage=\"wpforms-46-field_8-error\" required><\/div><div id=\"wpforms-46-field_2-container\" class=\"wpforms-field wpforms-field-textarea\" data-field-id=\"2\"><label class=\"wpforms-field-label\" for=\"wpforms-46-field_2\">Dites-moi en plus<\/label><textarea id=\"wpforms-46-field_2\" class=\"wpforms-field-medium\" name=\"wpforms[fields][2]\" aria-errormessage=\"wpforms-46-field_2-error\" aria-describedby=\"wpforms-46-field_2-description\" ><\/textarea><div id=\"wpforms-46-field_2-description\" class=\"wpforms-field-description\">Expliquez moi les raisons de votre prise de contact<\/div><\/div><\/div><!-- .wpforms-field-container --><div class=\"wpforms-submit-container\" ><input type=\"hidden\" name=\"wpforms[id]\" value=\"46\"><input type=\"hidden\" name=\"page_title\" value=\"\"><input type=\"hidden\" name=\"page_url\" value=\"https:\/\/lucienaturopathie.fr\/index.php?rest_route=\/wp\/v2\/pages\/20\"><input type=\"hidden\" name=\"url_referer\" value=\"\"><button type=\"submit\" name=\"wpforms[submit]\" id=\"wpforms-submit-46\" class=\"wpforms-submit\" data-alt-text=\"Envoi...\" data-submit-text=\"Envoyer\" aria-live=\"assertive\" value=\"wpforms-submit\">Envoyer<\/button><img loading=\"lazy\" decoding=\"async\" src=\"https:\/\/lucienaturopathie.fr\/wp-content\/plugins\/wpforms-lite\/assets\/images\/submit-spin.svg\" class=\"wpforms-submit-spinner\" style=\"display: none;\" width=\"26\" height=\"26\" alt=\"Chargement en cours\"><\/div><\/form><\/div>  <!-- .wpforms-container -->","protected":false},"excerpt":{"rendered":"<p>Si vous souhaitez \u00e9changer sur votre situation, poser vos questions ou d\u00e9couvrir comment je peux vous accompagner, je vous invite \u00e0 remplir ce formulaire pour r\u00e9server un appel de d\u00e9couverte gratuit. Ce moment est enti\u00e8rement d\u00e9di\u00e9 \u00e0 vous \u00e9couter et comprendre vos besoins, afin de d\u00e9terminer ensemble la meilleure fa\u00e7on de vous soutenir dans votre [&hellip;]<\/p>\n","protected":false},"author":1,"featured_media":0,"parent":0,"menu_order":0,"comment_status":"closed","ping_status":"closed","template":"","meta":{"om_disable_all_campaigns":false,"_uf_show_specific_survey":0,"_uf_disable_surveys":false,"footnotes":""},"aioseo_notices":[],"_links":{"self":[{"href":"https:\/\/lucienaturopathie.fr\/index.php?rest_route=\/wp\/v2\/pages\/20"}],"collection":[{"href":"https:\/\/lucienaturopathie.fr\/index.php?rest_route=\/wp\/v2\/pages"}],"about":[{"href":"https:\/\/lucienaturopathie.fr\/index.php?rest_route=\/wp\/v2\/types\/page"}],"author":[{"embeddable":true,"href":"https:\/\/lucienaturopathie.fr\/index.php?rest_route=\/wp\/v2\/users\/1"}],"replies":[{"embeddable":true,"href":"https:\/\/lucienaturopathie.fr\/index.php?rest_route=%2Fwp%2Fv2%2Fcomments&post=20"}],"version-history":[{"count":15,"href":"https:\/\/lucienaturopathie.fr\/index.php?rest_route=\/wp\/v2\/pages\/20\/revisions"}],"predecessor-version":[{"id":476,"href":"https:\/\/lucienaturopathie.fr\/index.php?rest_route=\/wp\/v2\/pages\/20\/revisions\/476"}],"wp:attachment":[{"href":"https:\/\/lucienaturopathie.fr\/index.php?rest_route=%2Fwp%2Fv2%2Fmedia&parent=20"}],"curies":[{"name":"wp","href":"https:\/\/api.w.org\/{rel}","templated":true}]}}