{"id":2,"date":"2024-01-18T03:06:53","date_gmt":"2024-01-18T02:06:53","guid":{"rendered":"http:\/\/lucienaturopathie.fr\/?page_id=2"},"modified":"2024-05-13T07:26:15","modified_gmt":"2024-05-13T05:26:15","slug":"page-d-exemple","status":"publish","type":"page","link":"https:\/\/lucienaturopathie.fr\/","title":{"rendered":"Un accompagnement naturel et complet"},"content":{"rendered":"\n<figure class=\"wp-block-image alignfull size-full wp-duotone-unset-1\"><img decoding=\"async\" src=\"http:\/\/lucienaturopathie-fr.preview-domain.com\/wp-content\/uploads\/2024\/01\/IMG_4710.heic\" alt=\"\" class=\"wp-image-15\"\/><\/figure>\n\n\n\n<blockquote class=\"wp-block-quote has-text-align-center is-layout-flow wp-block-quote-is-layout-flow\">\n<p><strong>Que ton alimentation soit ta premi\u00e8re m\u00e9decine<\/strong><\/p>\n<cite>HiPPOCRATE<\/cite><\/blockquote>\n\n\n\n<h1 class=\"wp-block-heading alignfull has-text-align-center\"><strong>Qui se cache derri\u00e8re Lucie Naturopathie ?<\/strong><\/h1>\n\n\n\n<div class=\"wp-block-columns alignwide is-layout-flex wp-container-core-columns-is-layout-1 wp-block-columns-is-layout-flex\">\n<div class=\"wp-block-column is-layout-flow wp-block-column-is-layout-flow\">\n<p>Hello ! Je m\u2019appelle Lucie et je suis Naturopathe.&nbsp;<\/p>\n\n\n\n<p>Pourquoi ? C\u2019est aujourd\u2019hui une discipline qui me passionne car elle permet de se recentrer sur l\u2019essentiel et sur ce que nous offre la nature. Le corps a des ressources qu\u2019on ignore, il suffit juste de l\u2019\u00e9couter et le soutenir.&nbsp;&nbsp;<\/p>\n\n\n\n<p>Je souhaite que tout le monde puisse prendre conscience de l&rsquo;importance de nos gestes du quotidien sur notre sant\u00e9 !<\/p>\n\n\n\n<p>Ma mission ? Vous pr\u00e9munir contre la maladie, vous aider \u00e0 conserver votre sant\u00e9 avec un mode de vie sain et en stimulant les m\u00e9canismes naturels d\u2019auto-gu\u00e9rison de votre corps.&nbsp;<\/p>\n<\/div>\n\n\n\n<div class=\"wp-block-column is-layout-flow wp-block-column-is-layout-flow\">\n<figure class=\"wp-block-image aligncenter size-full is-resized is-style-rounded\"><img decoding=\"async\" src=\"http:\/\/lucienaturopathie-fr.preview-domain.com\/wp-content\/uploads\/2024\/01\/IMG_6996.heic\" alt=\"\" class=\"wp-image-24\" style=\"width:447px;height:auto\"\/><\/figure>\n<\/div>\n<\/div>\n\n\n\n<div class=\"wp-block-buttons alignwide is-content-justification-left is-layout-flex wp-container-core-buttons-is-layout-1 wp-block-buttons-is-layout-flex\">\n<div class=\"wp-block-button\"><a class=\"wp-block-button__link wp-element-button\" href=\"https:\/\/lucienaturopathie.fr\/?page_id=17\">En savoir plus<\/a><\/div>\n<\/div>\n\n\n\n<h2 class=\"wp-block-heading alignwide\"><strong>En quoi consiste la naturopathie ?<\/strong><\/h2>\n\n\n\n<div class=\"wp-block-columns alignwide is-layout-flex wp-container-core-columns-is-layout-2 wp-block-columns-is-layout-flex\">\n<div class=\"wp-block-column is-layout-flow wp-block-column-is-layout-flow\">\n<p>C\u2019est une m\u00e9decine douce alternative, avant tout pr\u00e9ventive, qui permet de maintenir et am\u00e9liorer la sant\u00e9 \u00e0 l\u2019aide d\u2019outils naturels. La naturopathie s\u2019appuie sur vos capacit\u00e9s d\u2019auto-gu\u00e9rison et sur vos ressources personnelles. En d\u2019autres mots, c\u2019est l\u2019art de vivre en harmonie avec soi-m\u00eame et son environnement.&nbsp;&nbsp;<\/p>\n\n\n\n<p>La naturopathie donne toutes les clefs pour \u00eatre en bonne sant\u00e9 tout au long de l\u2019ann\u00e9e. Elle s\u2019appuie sur votre alimentation, votre sommeil, vos habitudes de vie, votre gestion du stress et bien&nbsp;d\u2019autres outils. <\/p>\n\n\n\n<p>Enfin, mon but en tant que naturopathe est de conserver ou d&rsquo;am\u00e9liorer votre bien-\u00eatre au quotidien \u00e0 votre rythme.<\/p>\n<\/div>\n<\/div>\n\n\n\n<div class=\"wp-block-buttons alignwide is-content-justification-left is-layout-flex wp-container-core-buttons-is-layout-2 wp-block-buttons-is-layout-flex\">\n<div class=\"wp-block-button is-style-outline\"><a class=\"wp-block-button__link wp-element-button\" href=\"https:\/\/lucienaturopathie.fr\/?page_id=18\">En savoir plus<\/a><\/div>\n<\/div>\n\n\n\n<h3 class=\"wp-block-heading alignfull has-text-align-center\"><strong>Les troubles que la naturopathie peut accompagner<\/strong><\/h3>\n\n\n\n<div class=\"wp-block-columns alignwide is-layout-flex wp-container-core-columns-is-layout-3 wp-block-columns-is-layout-flex\">\n<div class=\"wp-block-column is-layout-flow wp-block-column-is-layout-flow\">\n<p>Comme dit pr\u00e9c\u00e9demment, la naturopathie poss\u00e8de une vision holistique. De ce fait, elle peut vous venir en aide tant sur le plan physique, psychique, \u00e9motionnel que spirituel. Elle peut aussi tout \u00e0 fait vous accompagner pour une r\u00e9forme d\u2019hygi\u00e8ne de vie, des troubles de la digestion ou la gestion de votre stress.&nbsp;<\/p>\n\n\n\n<p>Sachez que je ne suis pas m\u00e9decin, je suis naturopathe. De ce fait, j\u2019adopte une approche d\u2019accompagnement et de pr\u00e9vention. Il est toujours pr\u00e9conis\u00e9 d\u2019avoir un avis m\u00e9dical lorsque vous rencontrez un trouble car cela peut cacher quelque chose de plus important.<\/p>\n<\/div>\n\n\n\n<div class=\"wp-block-column is-layout-flow wp-block-column-is-layout-flow\">\n<figure class=\"wp-block-image aligncenter size-large is-resized is-style-rounded\"><img loading=\"lazy\" decoding=\"async\" width=\"683\" height=\"1024\" src=\"http:\/\/lucienaturopathie-fr.preview-domain.com\/wp-content\/uploads\/2024\/01\/mimipic-photography-XmR3y0bp3Kw-unsplash-683x1024.jpg\" alt=\"\" class=\"wp-image-32\" style=\"width:342px;height:auto\" srcset=\"https:\/\/lucienaturopathie.fr\/wp-content\/uploads\/2024\/01\/mimipic-photography-XmR3y0bp3Kw-unsplash-683x1024.jpg 683w, https:\/\/lucienaturopathie.fr\/wp-content\/uploads\/2024\/01\/mimipic-photography-XmR3y0bp3Kw-unsplash-200x300.jpg 200w, https:\/\/lucienaturopathie.fr\/wp-content\/uploads\/2024\/01\/mimipic-photography-XmR3y0bp3Kw-unsplash-768x1152.jpg 768w, https:\/\/lucienaturopathie.fr\/wp-content\/uploads\/2024\/01\/mimipic-photography-XmR3y0bp3Kw-unsplash-1024x1536.jpg 1024w, https:\/\/lucienaturopathie.fr\/wp-content\/uploads\/2024\/01\/mimipic-photography-XmR3y0bp3Kw-unsplash-1365x2048.jpg 1365w, https:\/\/lucienaturopathie.fr\/wp-content\/uploads\/2024\/01\/mimipic-photography-XmR3y0bp3Kw-unsplash-scaled.jpg 1707w\" sizes=\"(max-width: 683px) 100vw, 683px\" \/><\/figure>\n<\/div>\n<\/div>\n","protected":false},"excerpt":{"rendered":"<p>Que ton alimentation soit ta premi\u00e8re m\u00e9decine HiPPOCRATE Qui se cache derri\u00e8re Lucie Naturopathie ? Hello ! Je m\u2019appelle Lucie et je suis Naturopathe.&nbsp; Pourquoi ? C\u2019est aujourd\u2019hui une discipline qui me passionne car elle permet de se recentrer sur l\u2019essentiel et sur ce que nous offre la nature. Le corps a des ressources qu\u2019on [&hellip;]<\/p>\n","protected":false},"author":1,"featured_media":0,"parent":0,"menu_order":0,"comment_status":"closed","ping_status":"closed","template":"","meta":{"om_disable_all_campaigns":false,"_uf_show_specific_survey":0,"_uf_disable_surveys":false,"footnotes":""},"aioseo_notices":[],"_links":{"self":[{"href":"https:\/\/lucienaturopathie.fr\/index.php?rest_route=\/wp\/v2\/pages\/2"}],"collection":[{"href":"https:\/\/lucienaturopathie.fr\/index.php?rest_route=\/wp\/v2\/pages"}],"about":[{"href":"https:\/\/lucienaturopathie.fr\/index.php?rest_route=\/wp\/v2\/types\/page"}],"author":[{"embeddable":true,"href":"https:\/\/lucienaturopathie.fr\/index.php?rest_route=\/wp\/v2\/users\/1"}],"replies":[{"embeddable":true,"href":"https:\/\/lucienaturopathie.fr\/index.php?rest_route=%2Fwp%2Fv2%2Fcomments&post=2"}],"version-history":[{"count":18,"href":"https:\/\/lucienaturopathie.fr\/index.php?rest_route=\/wp\/v2\/pages\/2\/revisions"}],"predecessor-version":[{"id":231,"href":"https:\/\/lucienaturopathie.fr\/index.php?rest_route=\/wp\/v2\/pages\/2\/revisions\/231"}],"wp:attachment":[{"href":"https:\/\/lucienaturopathie.fr\/index.php?rest_route=%2Fwp%2Fv2%2Fmedia&parent=2"}],"curies":[{"name":"wp","href":"https:\/\/api.w.org\/{rel}","templated":true}]}}