{"id":18,"date":"2024-05-04T06:09:35","date_gmt":"2024-05-04T04:09:35","guid":{"rendered":"https:\/\/lucienaturopathie.fr\/?page_id=18"},"modified":"2024-06-21T17:10:18","modified_gmt":"2024-06-21T15:10:18","slug":"naturopathie","status":"publish","type":"page","link":"https:\/\/lucienaturopathie.fr\/?page_id=18","title":{"rendered":"Naturopathie"},"content":{"rendered":"\n<h1 class=\"wp-block-heading alignwide\"><strong>Qu\u2019est-ce que la naturopathie ?<\/strong><\/h1>\n\n\n\n<div class=\"wp-block-columns alignwide is-layout-flex wp-container-core-columns-is-layout-1 wp-block-columns-is-layout-flex\">\n<div class=\"wp-block-column is-layout-flow wp-block-column-is-layout-flow\" style=\"flex-basis:100%\">\n<p><strong>BREAKING NEWS<\/strong>&nbsp;: Les naturopathes ne sont pas des sorcier(e)s ni&nbsp;des druides qui vous&nbsp;gu\u00e9rissent avec des potions \u00e0 base de plantes.<\/p>\n<\/div>\n<\/div>\n\n\n\n<div class=\"wp-block-columns alignwide is-layout-flex wp-container-core-columns-is-layout-2 wp-block-columns-is-layout-flex\">\n<div class=\"wp-block-column is-layout-flow wp-block-column-is-layout-flow\" style=\"flex-basis:100%\">\n<p>De fa\u00e7on plus officielle, la naturopathie est une m\u00e9decine douce non conventionnelle, class\u00e9e par l\u2019OMS (Organisation mondiale de la sant\u00e9) comme \u00e9tant la troisi\u00e8me m\u00e9decine traditionnelle mondiale. Selon Hippocrate, pr\u00e9curseur de cette m\u00e9decine douce, le corps a une capacit\u00e9 de retour \u00e0 l\u2019\u00e9quilibre : c&rsquo;est-\u00e0-dire qu\u2019il&nbsp;a une capacit\u00e9 d\u2019auto-gu\u00e9rison et de protection face aux agressions.&nbsp;<\/p>\n<\/div>\n<\/div>\n\n\n\n<figure class=\"wp-block-image alignwide size-large\"><img loading=\"lazy\" decoding=\"async\" width=\"1024\" height=\"311\" src=\"http:\/\/lucienaturopathie-fr.preview-domain.com\/wp-content\/uploads\/2024\/01\/IMG_9204-1-1024x311.jpeg\" alt=\"\" class=\"wp-image-43\" srcset=\"https:\/\/lucienaturopathie.fr\/wp-content\/uploads\/2024\/01\/IMG_9204-1-1024x311.jpeg 1024w, https:\/\/lucienaturopathie.fr\/wp-content\/uploads\/2024\/01\/IMG_9204-1-300x91.jpeg 300w, https:\/\/lucienaturopathie.fr\/wp-content\/uploads\/2024\/01\/IMG_9204-1-768x233.jpeg 768w, https:\/\/lucienaturopathie.fr\/wp-content\/uploads\/2024\/01\/IMG_9204-1-1536x467.jpeg 1536w, https:\/\/lucienaturopathie.fr\/wp-content\/uploads\/2024\/01\/IMG_9204-1-2048x622.jpeg 2048w\" sizes=\"(max-width: 1024px) 100vw, 1024px\" \/><\/figure>\n\n\n\n<div class=\"wp-block-columns alignwide is-layout-flex wp-container-core-columns-is-layout-3 wp-block-columns-is-layout-flex\">\n<div class=\"wp-block-column is-layout-flow wp-block-column-is-layout-flow\" style=\"flex-basis:100%\">\n<p>Cette pratique se base sur&nbsp;une vision holistique : elle prend en compte l\u2019individu dans sa globalit\u00e9 au sein de son environnement (physique, psychique, \u00e9nerg\u00e9tique, psychologique, culturel etc.). La naturopathie agit sur les causes des sympt\u00f4mes. En effet, elle consid\u00e8re que les maux ne sont que la manifestation d\u2019un trouble au sein de notre organisme.<\/p>\n<\/div>\n<\/div>\n\n\n\n<div class=\"wp-block-columns alignwide is-layout-flex wp-container-core-columns-is-layout-4 wp-block-columns-is-layout-flex\">\n<div class=\"wp-block-column is-layout-flow wp-block-column-is-layout-flow\" style=\"flex-basis:100%\">\n<p>La prise en charge en naturopathie est personnalis\u00e9e, elle vise \u00e0 pr\u00e9venir la maladie, am\u00e9liorer la qualit\u00e9 de vie et renforcer le syst\u00e8me immunitaire en adoptant une hygi\u00e8ne de vie saine \u00e0 l\u2019aide de moyens naturels. L\u2019hygi\u00e8ne de vie c\u2019est l\u2019art de vivre en accord avec les lois naturelles&nbsp;: bien manger, bien dormir, bien respirer et bien \u00e9liminer.&nbsp;<\/p>\n<\/div>\n<\/div>\n\n\n\n<h2 class=\"wp-block-heading alignwide\"><strong>Qui se cache derri\u00e8re le naturopathe ?<\/strong><\/h2>\n\n\n\n<div class=\"wp-block-columns alignwide is-layout-flex wp-container-core-columns-is-layout-5 wp-block-columns-is-layout-flex\">\n<div class=\"wp-block-column is-vertically-aligned-center is-layout-flow wp-block-column-is-layout-flow\">\n<p>Le naturopathe peut \u00eatre qualifi\u00e9 d\u2019\u00e9ducateur de sant\u00e9. Son but premier est que l\u2019individu devienne acteur de sa sant\u00e9, qu\u2019il soit autonome et le reste tout au long de sa vie. Un naturopathe a pour r\u00f4le d\u2019\u00e9couter de fa\u00e7on active afin de guider, d\u2019offrir des conseils personnalis\u00e9s etc. Il est important d\u2019apprendre \u00e0 conna\u00eetre son corps et son fonctionnement afin d\u2019adopter un meilleur mode de vie. Le naturopathe vous accompagne et vous aide \u00e0 r\u00e9orienter votre hygi\u00e8ne de vie.<\/p>\n\n\n\n<h3 class=\"wp-block-heading\"><strong>Pourquoi consulter un naturopathe ?<\/strong><\/h3>\n\n\n\n<p>Vous pouvez consulter un naturopathe \u00e0 tout \u00e2ge et pour tout type (ou presque) de troubles : troubles digestifs, troubles du sommeil, stress, anxi\u00e9t\u00e9 etc. Il est aussi tout \u00e0 fait possible de consulter un naturopathe m\u00eame si vous ne ressentez aucun trouble, aucune douleur. En effet, vous pourriez simplement avoir envie de conna\u00eetre les outils qu\u2019il vous faut pour affronter l\u2019hiver et \u00e9ventuellement \u00e9viter de tomber malade. Vous pourriez aussi avoir envie d\u2019un regain d&rsquo;\u00e9nergie afin de rester actif durant l&rsquo;\u00e9t\u00e9. Vous l\u2019aurez compris, vous pouvez consulter un naturopathe dans bon nombre de situations.<\/p>\n<\/div>\n\n\n\n<div class=\"wp-block-column is-layout-flow wp-block-column-is-layout-flow\">\n<figure class=\"wp-block-image aligncenter size-large is-resized\"><img loading=\"lazy\" decoding=\"async\" width=\"768\" height=\"1024\" src=\"https:\/\/lucienaturopathie-fr.preview-domain.com\/wp-content\/uploads\/2024\/01\/IMG_9437-768x1024.jpeg\" alt=\"\" class=\"wp-image-44\" style=\"width:578px;height:auto\" srcset=\"https:\/\/lucienaturopathie.fr\/wp-content\/uploads\/2024\/01\/IMG_9437-768x1024.jpeg 768w, https:\/\/lucienaturopathie.fr\/wp-content\/uploads\/2024\/01\/IMG_9437-225x300.jpeg 225w, https:\/\/lucienaturopathie.fr\/wp-content\/uploads\/2024\/01\/IMG_9437-1152x1536.jpeg 1152w, https:\/\/lucienaturopathie.fr\/wp-content\/uploads\/2024\/01\/IMG_9437-1536x2048.jpeg 1536w, https:\/\/lucienaturopathie.fr\/wp-content\/uploads\/2024\/01\/IMG_9437-scaled.jpeg 1920w\" sizes=\"(max-width: 768px) 100vw, 768px\" \/><\/figure>\n<\/div>\n<\/div>\n\n\n\n<h4 class=\"wp-block-heading alignwide\"><strong>Comment se passe une s\u00e9ance de naturopathie ?<\/strong><\/h4>\n\n\n\n<div class=\"wp-block-columns alignwide is-layout-flex wp-container-core-columns-is-layout-6 wp-block-columns-is-layout-flex\">\n<div class=\"wp-block-column is-layout-flow wp-block-column-is-layout-flow\" style=\"flex-basis:100%\">\n<p>La premi\u00e8re s\u00e9ance de naturopathie dure entre 1h et 1h30. Un questionnaire d\u00e9taill\u00e9 vous sera envoy\u00e9 en amont pour en savoir plus sur vos attentes, vos habitudes, votre alimentation, votre environnement, etc. Par la suite, un bilan de vitalit\u00e9 sera \u00e9tabli afin de d\u00e9terminer l\u2019\u00e9tat de vos ressources, votre \u00e9nergie vitale, les d\u00e9chets pr\u00e9sents au sein de votre organisme etc. Le but est de renforcer votre syst\u00e8me immunitaire, d\u2019optimiser vos ressources et de vous aider \u00e0 vivre avec vos potentiels troubles. Tout ceci avec diff\u00e9rents outils tels que l\u2019alimentation, l\u2019exercice physique adapt\u00e9, la relaxation, la respiration, l\u2019hydrologie etc. La naturopathie offre de multiples fa\u00e7ons de rester en bonne sant\u00e9 ou de retrouver un \u00e9quilibre. Tout ceci \u00e0 l\u2019aide d\u2019outils naturels.\u00a0<\/p>\n<\/div>\n<\/div>\n\n\n\n<div class=\"wp-block-columns alignwide is-layout-flex wp-container-core-columns-is-layout-7 wp-block-columns-is-layout-flex\">\n<div class=\"wp-block-column is-layout-flow wp-block-column-is-layout-flow\" style=\"flex-basis:100%\">\n<p>Les s\u00e9ances qui suivent cette premi\u00e8re visite permettent un suivi et un approfondissement. Nous pourrons corriger les choses qui ont \u00e9t\u00e9 mises en place ou renforcer les m\u00e9thodes qui fonctionnent. Ce sera un travail qui ne sera possible qu\u2019avec votre implication.&nbsp;&nbsp;<\/p>\n<\/div>\n<\/div>\n\n\n\n<div class=\"wp-block-columns alignwide is-layout-flex wp-container-core-columns-is-layout-8 wp-block-columns-is-layout-flex\">\n<div class=\"wp-block-column is-layout-flow wp-block-column-is-layout-flow\" style=\"flex-basis:100%\">\n<p>Une consultation en naturopathie ne remplace pas le traitement m\u00e9dical. Le naturopathe ne substitue pas \u00e0 un professionnel de sant\u00e9, il n\u2019\u00e9tablit pas de diagnostic et ne fait pas de prescriptions. Il peut cependant vous accompagner pendant un traitement prescrit par votre m\u00e9decin.&nbsp;<\/p>\n<\/div>\n<\/div>\n\n\n\n<div class=\"wp-block-columns alignwide is-layout-flex wp-container-core-columns-is-layout-9 wp-block-columns-is-layout-flex\">\n<div class=\"wp-block-column is-layout-flow wp-block-column-is-layout-flow\" style=\"flex-basis:100%\">\n<p>La naturopathie n\u2019est pas rembours\u00e9e par la s\u00e9curit\u00e9 sociale mais certaines mutuelles offrent une \u00e0 deux s\u00e9ances par an. N\u2019attendez plus, renseignez-vous aupr\u00e8s de votre mutuelle pour profiter d\u2019une s\u00e9ance.<\/p>\n<\/div>\n<\/div>\n","protected":false},"excerpt":{"rendered":"<p>Qu\u2019est-ce que la naturopathie ? BREAKING NEWS&nbsp;: Les naturopathes ne sont pas des sorcier(e)s ni&nbsp;des druides qui vous&nbsp;gu\u00e9rissent avec des potions \u00e0 base de plantes. De fa\u00e7on plus officielle, la naturopathie est une m\u00e9decine douce non conventionnelle, class\u00e9e par l\u2019OMS (Organisation mondiale de la sant\u00e9) comme \u00e9tant la troisi\u00e8me m\u00e9decine traditionnelle mondiale. Selon Hippocrate, pr\u00e9curseur [&hellip;]<\/p>\n","protected":false},"author":1,"featured_media":0,"parent":0,"menu_order":0,"comment_status":"closed","ping_status":"closed","template":"","meta":{"om_disable_all_campaigns":false,"_uf_show_specific_survey":0,"_uf_disable_surveys":false,"footnotes":""},"aioseo_notices":[],"_links":{"self":[{"href":"https:\/\/lucienaturopathie.fr\/index.php?rest_route=\/wp\/v2\/pages\/18"}],"collection":[{"href":"https:\/\/lucienaturopathie.fr\/index.php?rest_route=\/wp\/v2\/pages"}],"about":[{"href":"https:\/\/lucienaturopathie.fr\/index.php?rest_route=\/wp\/v2\/types\/page"}],"author":[{"embeddable":true,"href":"https:\/\/lucienaturopathie.fr\/index.php?rest_route=\/wp\/v2\/users\/1"}],"replies":[{"embeddable":true,"href":"https:\/\/lucienaturopathie.fr\/index.php?rest_route=%2Fwp%2Fv2%2Fcomments&post=18"}],"version-history":[{"count":2,"href":"https:\/\/lucienaturopathie.fr\/index.php?rest_route=\/wp\/v2\/pages\/18\/revisions"}],"predecessor-version":[{"id":300,"href":"https:\/\/lucienaturopathie.fr\/index.php?rest_route=\/wp\/v2\/pages\/18\/revisions\/300"}],"wp:attachment":[{"href":"https:\/\/lucienaturopathie.fr\/index.php?rest_route=%2Fwp%2Fv2%2Fmedia&parent=18"}],"curies":[{"name":"wp","href":"https:\/\/api.w.org\/{rel}","templated":true}]}}