{"id":17,"date":"2024-05-04T05:54:28","date_gmt":"2024-05-04T03:54:28","guid":{"rendered":"https:\/\/lucienaturopathie.fr\/?page_id=17"},"modified":"2026-01-27T16:44:39","modified_gmt":"2026-01-27T15:44:39","slug":"mon-chemin-vers-la-naturopathie","status":"publish","type":"page","link":"https:\/\/lucienaturopathie.fr\/?page_id=17","title":{"rendered":"Mon chemin vers la naturopathie"},"content":{"rendered":"\n<h1 class=\"wp-block-heading alignwide\"><strong>Qui se cache derri\u00e8re Lucie Naturopathie ?<\/strong><\/h1>\n\n\n\n<div class=\"wp-block-columns alignwide is-layout-flex wp-container-core-columns-is-layout-1 wp-block-columns-is-layout-flex\">\n<div class=\"wp-block-column is-layout-flow wp-block-column-is-layout-flow\" style=\"flex-basis:100%\">\n<p>Je m\u2019appelle Lucie Tardy, je suis maman et je vis \u00e0 Montr\u00e9al avec mon mari et ma petite fille. J\u2019ai fait mes \u00e9tudes dans le marketing digital et je me suis lanc\u00e9e en tant que naturopathe en 2024. Je suis passionn\u00e9e de dessin, de danse (toutes confondues), de yoga et de voyage. J\u2019ai eu la chance de vivre en Irlande et en Australie et de voyager au Portugal, en Italie, en Angleterre, en Belgique, au Luxembourg, en \u00c9cosse, aux \u00celes Fidji, \u00e0 Bali, en Nouvelle-Z\u00e9lande, aux Philippines et au Qu\u00e9bec. Pour moi, le voyage permet de d\u00e9couvrir de multiples cultures et modes de vie. J\u2019ai beaucoup grandi et appris sur moi durant ces exp\u00e9riences. Je suis aussi une grande fan d\u2019Harry Potter. Je ne compte plus le nombre de fois o\u00f9 j\u2019ai regard\u00e9 les films.\u00a0<\/p>\n<\/div>\n<\/div>\n\n\n\n<div class=\"wp-block-columns alignwide is-layout-flex wp-container-core-columns-is-layout-2 wp-block-columns-is-layout-flex\">\n<div class=\"wp-block-column is-layout-flow wp-block-column-is-layout-flow\" style=\"flex-basis:100%\">\n<p>Tr\u00eave de pr\u00e9sentation, rentrons dans le vif du sujet !&nbsp;<\/p>\n<\/div>\n<\/div>\n\n\n\n<h2 class=\"wp-block-heading alignwide\">Ma sp\u00e9cialisation dans l\u2019\u00e9quilibre de la femme<\/h2>\n\n\n\n<div class=\"wp-block-columns alignwide is-layout-flex wp-container-core-columns-is-layout-4 wp-block-columns-is-layout-flex\">\n<div class=\"wp-block-column is-layout-flow wp-block-column-is-layout-flow\" style=\"flex-basis:100%\">\n<div class=\"wp-block-columns is-layout-flex wp-container-core-columns-is-layout-3 wp-block-columns-is-layout-flex\">\n<div class=\"wp-block-column is-layout-flow wp-block-column-is-layout-flow\">\n<p>La maternit\u00e9 a \u00e9t\u00e9 pour moi une exp\u00e9rience profond\u00e9ment r\u00e9v\u00e9latrice, qui m\u2019a reconnect\u00e9e \u00e0 mon corps, \u00e0 mes cycles et \u00e0 la puissance du f\u00e9minin.<\/p>\n\n\n\n<p>Mon souhait est que toutes les femmes puissent vivre cette reconnexion, qu\u2019il s\u2019agisse :<\/p>\n\n\n\n<ul>\n<li>du d\u00e9sir d\u2019enfant<\/li>\n\n\n\n<li>de la grossesse<\/li>\n\n\n\n<li>du post-partum<\/li>\n\n\n\n<li>ou simplement de la relation avec leurs cycles<\/li>\n<\/ul>\n\n\n\n<p>Je crois profond\u00e9ment que le cycle f\u00e9minin est lunaire et qu\u2019il m\u00e9rite d\u2019\u00eatre honor\u00e9 et compris, plut\u00f4t que subi. Chaque femme porte en elle un grand pouvoir, qu\u2019il est essentiel de c\u00e9l\u00e9brer mois apr\u00e8s mois.<\/p>\n\n\n\n<p>Mon accompagnement est doux, humain et bas\u00e9 sur l\u2019\u00e9coute. Je vous guide pour retrouver confiance, s\u00e9r\u00e9nit\u00e9 et autonomie, dans vos cycles, vos hormones et votre fertilit\u00e9.<\/p>\n<\/div>\n\n\n\n<div class=\"wp-block-column is-layout-flow wp-block-column-is-layout-flow\">\n<figure class=\"wp-block-image size-large is-resized\"><img loading=\"lazy\" decoding=\"async\" width=\"683\" height=\"1024\" src=\"http:\/\/lucienaturopathie.fr\/wp-content\/uploads\/2024\/06\/IMG_1544-683x1024.jpeg\" alt=\"\" class=\"wp-image-303\" style=\"width:442px;height:auto\" srcset=\"https:\/\/lucienaturopathie.fr\/wp-content\/uploads\/2024\/06\/IMG_1544-683x1024.jpeg 683w, https:\/\/lucienaturopathie.fr\/wp-content\/uploads\/2024\/06\/IMG_1544-200x300.jpeg 200w, https:\/\/lucienaturopathie.fr\/wp-content\/uploads\/2024\/06\/IMG_1544-768x1152.jpeg 768w, https:\/\/lucienaturopathie.fr\/wp-content\/uploads\/2024\/06\/IMG_1544-1024x1536.jpeg 1024w, https:\/\/lucienaturopathie.fr\/wp-content\/uploads\/2024\/06\/IMG_1544-1365x2048.jpeg 1365w, https:\/\/lucienaturopathie.fr\/wp-content\/uploads\/2024\/06\/IMG_1544-scaled.jpeg 1707w\" sizes=\"(max-width: 683px) 100vw, 683px\" \/><\/figure>\n<\/div>\n<\/div>\n<\/div>\n<\/div>\n\n\n\n<div class=\"wp-block-columns alignwide is-layout-flex wp-container-core-columns-is-layout-5 wp-block-columns-is-layout-flex\"><\/div>\n\n\n\n<h3 class=\"wp-block-heading alignwide\"><strong>Pourquoi la Naturopathie et le Yoga ? <\/strong><\/h3>\n\n\n\n<div class=\"wp-block-columns alignwide is-layout-flex wp-container-core-columns-is-layout-6 wp-block-columns-is-layout-flex\">\n<div class=\"wp-block-column is-layout-flow wp-block-column-is-layout-flow\" style=\"flex-basis:100%\">\n<p>Je suis maman d\u2019une petite fille et je vis \u00e0 Montr\u00e9al avec mon mari et notre famille. La maternit\u00e9 a \u00e9t\u00e9 pour moi une exp\u00e9rience profond\u00e9ment r\u00e9v\u00e9latrice, qui m\u2019a reconnect\u00e9e \u00e0 mon corps, \u00e0 mes cycles et \u00e0 la puissance du f\u00e9minin.<\/p>\n\n\n\n<p>Mon souhait est que toutes les femmes puissent vivre cette reconnexion, qu\u2019il s\u2019agisse :<\/p>\n\n\n\n<ul>\n<li>du d\u00e9sir d\u2019enfant<\/li>\n\n\n\n<li>de la grossesse<\/li>\n\n\n\n<li>du post-partum<\/li>\n\n\n\n<li>ou simplement de la relation avec leurs cycles<\/li>\n<\/ul>\n\n\n\n<p>Je crois profond\u00e9ment que le cycle f\u00e9minin est lunaire et qu\u2019il m\u00e9rite d\u2019\u00eatre honor\u00e9 et compris, plut\u00f4t que subi. Chaque femme porte en elle un grand pouvoir, qu\u2019il est essentiel de c\u00e9l\u00e9brer mois apr\u00e8s mois.<\/p>\n\n\n\n<p>Mon accompagnement est doux, humain et bas\u00e9 sur l\u2019\u00e9coute. Je vous guide pour retrouver confiance, s\u00e9r\u00e9nit\u00e9 et autonomie, dans vos cycles, vos hormones et votre fertilit\u00e9.<\/p>\n<\/div>\n<\/div>\n\n\n\n<div class=\"wp-block-columns alignwide is-layout-flex wp-container-core-columns-is-layout-7 wp-block-columns-is-layout-flex\"><\/div>\n\n\n\n<div class=\"wp-block-columns alignwide is-layout-flex wp-container-core-columns-is-layout-8 wp-block-columns-is-layout-flex\"><\/div>\n\n\n\n<div class=\"wp-block-columns alignwide is-layout-flex wp-container-core-columns-is-layout-9 wp-block-columns-is-layout-flex\"><\/div>\n","protected":false},"excerpt":{"rendered":"<p>Qui se cache derri\u00e8re Lucie Naturopathie ? Je m\u2019appelle Lucie Tardy, je suis maman et je vis \u00e0 Montr\u00e9al avec mon mari et ma petite fille. J\u2019ai fait mes \u00e9tudes dans le marketing digital et je me suis lanc\u00e9e en tant que naturopathe en 2024. Je suis passionn\u00e9e de dessin, de danse (toutes confondues), de [&hellip;]<\/p>\n","protected":false},"author":1,"featured_media":0,"parent":0,"menu_order":0,"comment_status":"closed","ping_status":"closed","template":"","meta":{"om_disable_all_campaigns":false,"_uf_show_specific_survey":0,"_uf_disable_surveys":false,"footnotes":""},"aioseo_notices":[],"_links":{"self":[{"href":"https:\/\/lucienaturopathie.fr\/index.php?rest_route=\/wp\/v2\/pages\/17"}],"collection":[{"href":"https:\/\/lucienaturopathie.fr\/index.php?rest_route=\/wp\/v2\/pages"}],"about":[{"href":"https:\/\/lucienaturopathie.fr\/index.php?rest_route=\/wp\/v2\/types\/page"}],"author":[{"embeddable":true,"href":"https:\/\/lucienaturopathie.fr\/index.php?rest_route=\/wp\/v2\/users\/1"}],"replies":[{"embeddable":true,"href":"https:\/\/lucienaturopathie.fr\/index.php?rest_route=%2Fwp%2Fv2%2Fcomments&post=17"}],"version-history":[{"count":9,"href":"https:\/\/lucienaturopathie.fr\/index.php?rest_route=\/wp\/v2\/pages\/17\/revisions"}],"predecessor-version":[{"id":470,"href":"https:\/\/lucienaturopathie.fr\/index.php?rest_route=\/wp\/v2\/pages\/17\/revisions\/470"}],"wp:attachment":[{"href":"https:\/\/lucienaturopathie.fr\/index.php?rest_route=%2Fwp%2Fv2%2Fmedia&parent=17"}],"curies":[{"name":"wp","href":"https:\/\/api.w.org\/{rel}","templated":true}]}}